{"id":624,"date":"2020-07-17T21:45:39","date_gmt":"2020-07-17T19:45:39","guid":{"rendered":"http:\/\/wir-im-maushaus.de\/blog\/?page_id=624"},"modified":"2020-11-20T10:27:03","modified_gmt":"2020-11-20T09:27:03","slug":"links-und-dateien","status":"publish","type":"page","link":"https:\/\/wir-im-maushaus.de\/blog\/links-und-dateien\/","title":{"rendered":"Links und Dateien"},"content":{"rendered":"\r\n<h4 class=\"wp-block-heading\">Fotos<\/h4>\r\n<p>Das Header Foto ist von <a href=\"https:\/\/talfoto.de\/\">Talfoto (link)<\/a>. <br \/>Schaut gerne mal bei Thorsten vorbei. Er macht so wundervolle Fotos<\/p>\r\n<h4>Logo Design<\/h4>\r\n<p>Von der lieben Mareike\/Farbdunst, die \u00fcbrigens auch tolle Fotos macht.<br \/>Schaut mal auf Ihrem Instagram Profil vorbei und schenkt Ihr ein paar Herzen: <a href=\"https:\/\/www.instagram.com\/farbdunst\/\">Farbdunst (link)<\/a><\/p>\r\n<h4>Morbus Hirschsprung:<\/h4>\r\n\r\n\r\n\r\n<ul class=\"wp-block-list\">\r\n<li><a href=\"https:\/\/soma-ev.de\/fr\/soma-ev\/\">Soma e.V.<\/a> (Patienten- und Selbsthilfeorganisation f\u00fcr Kinder und Erwachsene)<\/li>\r\n<li><a href=\"https:\/\/kinderchirurgie.charite.de\/leistungen\/morbus_hirschsprung\/\">Charit\u00e9 Berlin<\/a> ( Infos \u00fcber Morbus Hirschsprung)<\/li>\r\n<\/ul>\r\n\r\n\r\n\r\n<div class=\"wp-block-file\"><a href=\"http:\/\/wir-im-maushaus.de\/wp-content\/uploads\/2020\/07\/SoMA_MHirschsprung_Folder2020_web.pdf\">Morbus Hirschsprung Info Brosch\u00fcre SoMA e.V. \u00a0<\/a><a class=\"wp-block-file__button\" href=\"http:\/\/wir-im-maushaus.de\/wp-content\/uploads\/2020\/07\/SoMA_MHirschsprung_Folder2020_web.pdf\" download=\"\">Herunterladen<\/a><\/div>\r\n\r\n\r\n\r\n<p>&nbsp;<\/p>\r\n","protected":false},"excerpt":{"rendered":"<p>Fotos Das Header Foto ist von Talfoto (link). Schaut gerne mal bei Thorsten vorbei. Er macht so wundervolle Fotos Logo Design Von der lieben Mareike\/Farbdunst, die \u00fcbrigens auch tolle Fotos macht.Schaut mal auf Ihrem Instagram Profil vorbei und schenkt Ihr ein paar Herzen: Farbdunst (link) Morbus Hirschsprung: Soma e.V. (Patienten- und Selbsthilfeorganisation f\u00fcr Kinder und Erwachsene) Charit\u00e9 Berlin ( Infos \u00fcber Morbus Hirschsprung) &nbsp;<\/p>\n","protected":false},"author":1,"featured_media":0,"parent":0,"menu_order":0,"comment_status":"closed","ping_status":"closed","template":"","meta":{"footnotes":""},"class_list":["post-624","page","type-page","status-publish","hentry"],"yoast_head":"<!-- This site is optimized with the Yoast SEO plugin v24.9 - https:\/\/yoast.com\/wordpress\/plugins\/seo\/ -->\n<title>Links und Dateien &#8211; Wir im MausHaus<\/title>\n<meta name=\"robots\" content=\"index, follow, max-snippet:-1, max-image-preview:large, max-video-preview:-1\" \/>\n<link rel=\"canonical\" href=\"https:\/\/wir-im-maushaus.de\/blog\/links-und-dateien\/\" \/>\n<meta property=\"og:locale\" content=\"de_DE\" \/>\n<meta property=\"og:type\" content=\"article\" \/>\n<meta property=\"og:title\" content=\"Links und Dateien &#8211; Wir im MausHaus\" \/>\n<meta property=\"og:description\" content=\"Fotos Das Header Foto ist von Talfoto (link). Schaut gerne mal bei Thorsten vorbei. Er macht so wundervolle Fotos Logo Design Von der lieben Mareike\/Farbdunst, die \u00fcbrigens auch tolle Fotos macht.Schaut mal auf Ihrem Instagram Profil vorbei und schenkt Ihr ein paar Herzen: Farbdunst (link) Morbus Hirschsprung: Soma e.V. (Patienten- und Selbsthilfeorganisation f\u00fcr Kinder und Erwachsene) Charit\u00e9 Berlin ( Infos \u00fcber Morbus Hirschsprung) &nbsp;\" \/>\n<meta property=\"og:url\" content=\"https:\/\/wir-im-maushaus.de\/blog\/links-und-dateien\/\" \/>\n<meta property=\"og:site_name\" content=\"Wir im MausHaus\" \/>\n<meta property=\"article:publisher\" content=\"https:\/\/www.facebook.com\/Wir-im-MausHaus-110290120767007\" \/>\n<meta property=\"article:modified_time\" content=\"2020-11-20T09:27:03+00:00\" \/>\n<meta name=\"twitter:card\" content=\"summary_large_image\" \/>\n<script type=\"application\/ld+json\" class=\"yoast-schema-graph\">{\"@context\":\"https:\/\/schema.org\",\"@graph\":[{\"@type\":\"WebPage\",\"@id\":\"https:\/\/wir-im-maushaus.de\/blog\/links-und-dateien\/\",\"url\":\"https:\/\/wir-im-maushaus.de\/blog\/links-und-dateien\/\",\"name\":\"Links und Dateien &#8211; Wir im MausHaus\",\"isPartOf\":{\"@id\":\"https:\/\/wir-im-maushaus.de\/blog\/#website\"},\"datePublished\":\"2020-07-17T19:45:39+00:00\",\"dateModified\":\"2020-11-20T09:27:03+00:00\",\"breadcrumb\":{\"@id\":\"https:\/\/wir-im-maushaus.de\/blog\/links-und-dateien\/#breadcrumb\"},\"inLanguage\":\"de\",\"potentialAction\":[{\"@type\":\"ReadAction\",\"target\":[\"https:\/\/wir-im-maushaus.de\/blog\/links-und-dateien\/\"]}]},{\"@type\":\"BreadcrumbList\",\"@id\":\"https:\/\/wir-im-maushaus.de\/blog\/links-und-dateien\/#breadcrumb\",\"itemListElement\":[{\"@type\":\"ListItem\",\"position\":1,\"name\":\"Startseite\",\"item\":\"https:\/\/wir-im-maushaus.de\/blog\/\"},{\"@type\":\"ListItem\",\"position\":2,\"name\":\"Links und Dateien\"}]},{\"@type\":\"WebSite\",\"@id\":\"https:\/\/wir-im-maushaus.de\/blog\/#website\",\"url\":\"https:\/\/wir-im-maushaus.de\/blog\/\",\"name\":\"Wir im MausHaus\",\"description\":\"Familienblog\",\"potentialAction\":[{\"@type\":\"SearchAction\",\"target\":{\"@type\":\"EntryPoint\",\"urlTemplate\":\"https:\/\/wir-im-maushaus.de\/blog\/?s={search_term_string}\"},\"query-input\":{\"@type\":\"PropertyValueSpecification\",\"valueRequired\":true,\"valueName\":\"search_term_string\"}}],\"inLanguage\":\"de\"}]}<\/script>\n<!-- \/ Yoast SEO plugin. -->","yoast_head_json":{"title":"Links und Dateien &#8211; Wir im MausHaus","robots":{"index":"index","follow":"follow","max-snippet":"max-snippet:-1","max-image-preview":"max-image-preview:large","max-video-preview":"max-video-preview:-1"},"canonical":"https:\/\/wir-im-maushaus.de\/blog\/links-und-dateien\/","og_locale":"de_DE","og_type":"article","og_title":"Links und Dateien &#8211; Wir im MausHaus","og_description":"Fotos Das Header Foto ist von Talfoto (link). Schaut gerne mal bei Thorsten vorbei. Er macht so wundervolle Fotos Logo Design Von der lieben Mareike\/Farbdunst, die \u00fcbrigens auch tolle Fotos macht.Schaut mal auf Ihrem Instagram Profil vorbei und schenkt Ihr ein paar Herzen: Farbdunst (link) Morbus Hirschsprung: Soma e.V. (Patienten- und Selbsthilfeorganisation f\u00fcr Kinder und Erwachsene) Charit\u00e9 Berlin ( Infos \u00fcber Morbus Hirschsprung) &nbsp;","og_url":"https:\/\/wir-im-maushaus.de\/blog\/links-und-dateien\/","og_site_name":"Wir im MausHaus","article_publisher":"https:\/\/www.facebook.com\/Wir-im-MausHaus-110290120767007","article_modified_time":"2020-11-20T09:27:03+00:00","twitter_card":"summary_large_image","schema":{"@context":"https:\/\/schema.org","@graph":[{"@type":"WebPage","@id":"https:\/\/wir-im-maushaus.de\/blog\/links-und-dateien\/","url":"https:\/\/wir-im-maushaus.de\/blog\/links-und-dateien\/","name":"Links und Dateien &#8211; Wir im MausHaus","isPartOf":{"@id":"https:\/\/wir-im-maushaus.de\/blog\/#website"},"datePublished":"2020-07-17T19:45:39+00:00","dateModified":"2020-11-20T09:27:03+00:00","breadcrumb":{"@id":"https:\/\/wir-im-maushaus.de\/blog\/links-und-dateien\/#breadcrumb"},"inLanguage":"de","potentialAction":[{"@type":"ReadAction","target":["https:\/\/wir-im-maushaus.de\/blog\/links-und-dateien\/"]}]},{"@type":"BreadcrumbList","@id":"https:\/\/wir-im-maushaus.de\/blog\/links-und-dateien\/#breadcrumb","itemListElement":[{"@type":"ListItem","position":1,"name":"Startseite","item":"https:\/\/wir-im-maushaus.de\/blog\/"},{"@type":"ListItem","position":2,"name":"Links und Dateien"}]},{"@type":"WebSite","@id":"https:\/\/wir-im-maushaus.de\/blog\/#website","url":"https:\/\/wir-im-maushaus.de\/blog\/","name":"Wir im MausHaus","description":"Familienblog","potentialAction":[{"@type":"SearchAction","target":{"@type":"EntryPoint","urlTemplate":"https:\/\/wir-im-maushaus.de\/blog\/?s={search_term_string}"},"query-input":{"@type":"PropertyValueSpecification","valueRequired":true,"valueName":"search_term_string"}}],"inLanguage":"de"}]}},"_links":{"self":[{"href":"https:\/\/wir-im-maushaus.de\/blog\/wp-json\/wp\/v2\/pages\/624","targetHints":{"allow":["GET"]}}],"collection":[{"href":"https:\/\/wir-im-maushaus.de\/blog\/wp-json\/wp\/v2\/pages"}],"about":[{"href":"https:\/\/wir-im-maushaus.de\/blog\/wp-json\/wp\/v2\/types\/page"}],"author":[{"embeddable":true,"href":"https:\/\/wir-im-maushaus.de\/blog\/wp-json\/wp\/v2\/users\/1"}],"replies":[{"embeddable":true,"href":"https:\/\/wir-im-maushaus.de\/blog\/wp-json\/wp\/v2\/comments?post=624"}],"version-history":[{"count":8,"href":"https:\/\/wir-im-maushaus.de\/blog\/wp-json\/wp\/v2\/pages\/624\/revisions"}],"predecessor-version":[{"id":865,"href":"https:\/\/wir-im-maushaus.de\/blog\/wp-json\/wp\/v2\/pages\/624\/revisions\/865"}],"wp:attachment":[{"href":"https:\/\/wir-im-maushaus.de\/blog\/wp-json\/wp\/v2\/media?parent=624"}],"curies":[{"name":"wp","href":"https:\/\/api.w.org\/{rel}","templated":true}]}}