{"id":567,"date":"2020-07-12T14:51:06","date_gmt":"2020-07-12T12:51:06","guid":{"rendered":"http:\/\/wir-im-maushaus.de\/?page_id=567"},"modified":"2020-07-21T22:05:25","modified_gmt":"2020-07-21T20:05:25","slug":"morbus-hirschsprung","status":"publish","type":"page","link":"https:\/\/wir-im-maushaus.de\/blog\/morbus-hirschsprung\/","title":{"rendered":"Morbus Hirschsprung"},"content":{"rendered":"\n<p>Ich schreibe hier als Laie f\u00fcr Laien. <br>Die folgenden Informationen habe ich von unseren behandelnden \u00c4rzten und aus diversen Internetquellen zusammengesammelt.<\/p>\n\n\n\n<h4 class=\"wp-block-heading\">Was ist Morbus Hirschsprung (MH)?<\/h4>\n\n\n\n<p>Morbus Hirschsprung z\u00e4hlt zu den seltenen Erkrankungen und tritt bei 1 von 5000 Kindern auf. <br>In Deutschland werden jedes Jahr etwa 100 Kinder mit MH geboren und tritt bei Jungen 4 mal h\u00e4ufiger auf als bei M\u00e4dchen.<br><br>In einem Teil des Dickdarms (in seltenen F\u00e4llen auch im D\u00fcnndarm) fehlen die sogenannten Ganglienzellen. <br>Diese Ganglienzellen sind f\u00fcr Kontraktionen im Darm verantwortlich (Peristalsis).  <br>Damit der Stuhl im Darm weiter transportiert wird spannt er sich an und entspannt sich wieder in einer Art Wellenbewegung.<br><br>Bei Kindern mit Morbus Hirschsprung (im folgenden Hirschies genannt) ist diese Stelle permanent angespannt  und somit verengt. <br>Der Kot staut sich vor dieser Engstelle an und es entsteht das sogenannte Megacolon (Colon = Dickdarm). Das Hei\u00dft, dass der Dickdarm sich vor dieser Stelle stark weitet.<br>Bei Mini Maus ist der Dickdarm durch die sp\u00e4te Diagnose schon um das <br>4-5fache geweitet.<\/p>\n\n\n\n<h4 class=\"wp-block-heading\">Wie entsteht Morbus Hirschsprung?<\/h4>\n\n\n\n<p>MH entsteht bereits beim Wachstum des F\u00f6tus im Bauch der Mutter.  <br>Beim Wachstum des F\u00f6tus wandern die Ganglienzellen vom Magen aus den gesamten Darm hinunter bis zum Schlie\u00dfmuskel. <br>Aus noch ungekl\u00e4rten Gr\u00fcnden stoppt diese &#8222;Wanderung&#8220; bei den Hirschies bevor die Zellen den Schlie\u00dfmuskel erreichen.<\/p>\n\n\n\n<h4 class=\"wp-block-heading\">Symptome bei Morbus Hirschsprung<\/h4>\n\n\n\n<p>Folgende Symptome k\u00f6nnen auf Morbus Hirschsprung hinweisen;<br>wobei nicht immer alle Symptome auftreten m\u00fcssen. <\/p>\n\n\n\n<ul class=\"wp-block-list\"><li>kein, oder sehr sp\u00e4ter Mekonium Abgang<\/li><li>deutlicher (!) Bl\u00e4hbauch (zum Teil mit erkennbaren Darmschlingen)<\/li><li>h\u00e4ufiges Erbrechen (von Galle); in seltenen, unbehandelten F\u00e4llen wird sogar Stuhl erbrochen<\/li><li>langfristige, chronische Verstopfung<\/li><li>h\u00e4ufiges unerkl\u00e4rliches Fieber (durch &#8222;Vergiftung&#8220; mit angestautem Kot)<\/li><li>zierliche Statur; Gedeihst\u00f6rungen<\/li><li>kein &#8222;normaler&#8220; Stuhlgang. Entweder d\u00fcnn, oder Verstopfung<\/li><\/ul>\n\n\n\n<p>Symptome treten oft erst bei der Umstellung zur Beikost auf.  <br>Bei recht kurzen betroffenen Darmabschnitten k\u00f6nnen die Symptome auch noch sp\u00e4ter auffalen oder mit MH in Verbindung gebracht werden.<\/p>\n\n\n\n<h4 class=\"wp-block-heading\">Diagnostik<\/h4>\n\n\n\n<p>F\u00fcr die Diagnose sind einige Schritte n\u00f6tig.<\/p>\n\n\n\n<p>Zun\u00e4chst kann man oft schon im Ultraschall eine Weitung des Dickdarms feststellen. <br>Der erste richtige diagnostische Schritt ist aber ein Kontrastmittel R\u00f6ntgen.<br>Mittels eines Einlaufs mit Kontrastmittel werden die Darmschlingen und evtl das Megacolon sichtbar.<br>Wenn sich der Verdacht durch das R\u00f6ntgen verst\u00e4rkt ist eine Biopsie der n\u00e4chste Schritt.<br>Bei einer Rektoskopie unter Vollnarkose werden in verschiedenen Tiefen Proben von der Darmschleimhaut entnommen. Diese werden dann auf Ganglienzellen untersucht. <br>Wenn in einer gewissen Tiefe keine Ganglienzellen nachweisbar sind, ist es ein sicheres Zeichen f\u00fcr MH.<\/p>\n\n\n\n<h4 class=\"wp-block-heading\">Behandlungsm\u00f6glichkeiten<\/h4>\n\n\n\n<p>In nahezu allen F\u00e4llen ist eine Operation notwendig.  <br>Hierbei wird der Betroffene Teil des Darms entfernt.  <br><br>Die heute g\u00e4ngige Operationsmethode ist die Operation nach De La Torre, wobei durch den After operiert wird und somit ein gro\u00dfer Bauchschnitt in den meisten F\u00e4llen nicht mehr n\u00f6tig ist.   <br><br>Vor der Operation gibt es verschiedene Ans\u00e4tze.   <br>Die meisten Chirurgen legen vor der De La Torre OP ein Stoma an, einen k\u00fcnstlichen Darmausgang, um das Megacolon zur\u00fcck zu bilden.  <br>Ein anderer Ansatz ist ganz ohne Stoma zu arbeiten.  Durch t\u00e4gliche Darmsp\u00fclungen und Schonkost soll der Darm entlastet werden und das Megacolon m\u00f6glichst weit zur\u00fcck gebildet werden.  <br><br>Bei der Operation gibt es auch zwei Vorgehensweisen.   <br>Nach meinem Informationen ist der aktuelle Stand der Wissenschaft der, dass nach der De La Torre OP kein Stoma angelegt wird. Die Nahtstelle soll bewusst mit Stuhl in Kontakt kommen. Die Darmbakterien helfen der Darmschleimhaut beim heilen und bei der Durchblutung der Narbe.  <br>Einige Chirurgen sind aber noch der Ansicht, dass es trotzdem besser sei mit Stoma zu operieren. <br><br>Ich gebe hier keine Empfehlungen f\u00fcr Krankenh\u00e4user und Chirurgen, wer aber mehr Infos in diese Richtung haben m\u00f6chte kann mich gerne \u00fcber das Kontaktformular anschreiben.  <a href=\"https:\/\/wir-im-maushaus.de\/blog\/kontakt\/\">Kontakt<\/a><\/p>\n\n\n\n<p><\/p>\n\n\n\n<h4 class=\"wp-block-heading\">In diesem YouTube Video sind viele Informationen sehr gut dargestellt. Allerdings nur in Englisch.<\/h4>\n\n\n\n<figure class=\"wp-block-embed-youtube aligncenter wp-block-embed is-type-video is-provider-youtube wp-embed-aspect-16-9 wp-has-aspect-ratio\"><div class=\"wp-block-embed__wrapper\">\n<iframe loading=\"lazy\" title=\"Hirschsprung Disease, Colitis, and Fecal Incontinence\" width=\"960\" height=\"540\" src=\"https:\/\/www.youtube.com\/embed\/oSjaG8eVYNs?feature=oembed\" frameborder=\"0\" allow=\"accelerometer; autoplay; encrypted-media; gyroscope; picture-in-picture\" allowfullscreen><\/iframe>\n<\/div><\/figure>\n","protected":false},"excerpt":{"rendered":"<p>Ich schreibe hier als Laie f\u00fcr Laien. Die folgenden Informationen habe ich von unseren behandelnden \u00c4rzten und aus diversen Internetquellen zusammengesammelt. Was ist Morbus Hirschsprung (MH)? Morbus Hirschsprung z\u00e4hlt zu den seltenen Erkrankungen und tritt bei 1 von 5000 Kindern auf. In Deutschland werden jedes Jahr etwa 100 Kinder mit MH geboren und tritt bei Jungen 4 mal h\u00e4ufiger auf als bei M\u00e4dchen. In einem Teil des Dickdarms (in seltenen F\u00e4llen auch im D\u00fcnndarm) fehlen die sogenannten Ganglienzellen. Diese Ganglienzellen sind f\u00fcr Kontraktionen im Darm verantwortlich (Peristalsis). Damit der Stuhl im Darm weiter transportiert wird spannt er sich an und entspannt sich wieder in einer Art Wellenbewegung. Bei Kindern mit Morbus Hirschsprung (im folgenden Hirschies genannt) ist diese Stelle permanent angespannt und somit verengt. Der Kot staut sich vor dieser Engstelle an und es entsteht das sogenannte Megacolon (Colon = Dickdarm). Das Hei\u00dft, dass der Dickdarm sich vor dieser Stelle stark weitet.Bei Mini Maus ist der Dickdarm durch die sp\u00e4te Diagnose schon um das 4-5fache geweitet. Wie entsteht Morbus Hirschsprung? MH entsteht bereits beim Wachstum des F\u00f6tus im Bauch der Mutter. Beim Wachstum des F\u00f6tus wandern die Ganglienzellen vom Magen aus den gesamten Darm hinunter bis zum Schlie\u00dfmuskel. Aus noch ungekl\u00e4rten Gr\u00fcnden stoppt diese &#8222;Wanderung&#8220; bei den Hirschies bevor die Zellen den Schlie\u00dfmuskel erreichen. Symptome bei Morbus Hirschsprung Folgende Symptome k\u00f6nnen auf Morbus Hirschsprung hinweisen;wobei nicht immer alle Symptome auftreten m\u00fcssen. kein, oder sehr sp\u00e4ter Mekonium Abgang deutlicher (!) Bl\u00e4hbauch (zum Teil mit erkennbaren Darmschlingen) h\u00e4ufiges Erbrechen (von Galle); in seltenen, unbehandelten F\u00e4llen wird sogar Stuhl erbrochen langfristige, chronische Verstopfung h\u00e4ufiges unerkl\u00e4rliches Fieber (durch &#8222;Vergiftung&#8220; mit angestautem Kot) zierliche Statur; Gedeihst\u00f6rungen kein &#8222;normaler&#8220; Stuhlgang. Entweder d\u00fcnn, oder Verstopfung Symptome treten oft erst bei der Umstellung zur Beikost auf. Bei recht kurzen betroffenen Darmabschnitten k\u00f6nnen die Symptome auch noch sp\u00e4ter auffalen oder mit MH in Verbindung gebracht werden. Diagnostik F\u00fcr die Diagnose sind einige Schritte n\u00f6tig. Zun\u00e4chst kann man oft schon im Ultraschall eine Weitung des Dickdarms feststellen. Der erste richtige diagnostische Schritt ist aber ein Kontrastmittel R\u00f6ntgen.Mittels eines Einlaufs mit Kontrastmittel werden die Darmschlingen und evtl das Megacolon sichtbar.Wenn sich der Verdacht durch das R\u00f6ntgen verst\u00e4rkt ist eine Biopsie der n\u00e4chste Schritt.Bei einer Rektoskopie unter Vollnarkose werden in verschiedenen Tiefen Proben von der Darmschleimhaut entnommen. Diese werden dann auf Ganglienzellen untersucht. Wenn in einer gewissen Tiefe keine Ganglienzellen nachweisbar sind, ist es ein sicheres Zeichen f\u00fcr MH. Behandlungsm\u00f6glichkeiten In nahezu allen F\u00e4llen ist eine Operation notwendig. Hierbei wird der Betroffene Teil des Darms entfernt. Die heute g\u00e4ngige Operationsmethode ist die Operation nach De La Torre, wobei durch den After operiert wird und somit ein gro\u00dfer Bauchschnitt in den meisten F\u00e4llen nicht mehr n\u00f6tig ist. Vor der Operation gibt es verschiedene Ans\u00e4tze. Die meisten Chirurgen legen vor der De La Torre OP ein Stoma an, einen k\u00fcnstlichen Darmausgang, um das Megacolon zur\u00fcck zu bilden. Ein anderer Ansatz ist ganz ohne Stoma zu arbeiten. Durch t\u00e4gliche Darmsp\u00fclungen und Schonkost soll der Darm entlastet werden und das Megacolon m\u00f6glichst weit zur\u00fcck gebildet werden. Bei der Operation gibt es auch zwei Vorgehensweisen. Nach meinem Informationen ist der aktuelle Stand der Wissenschaft der, dass nach der De La Torre OP kein Stoma angelegt wird. Die Nahtstelle soll bewusst mit Stuhl in Kontakt kommen. Die Darmbakterien helfen der Darmschleimhaut beim heilen und bei der Durchblutung der Narbe. Einige Chirurgen sind aber noch der Ansicht, dass es trotzdem besser sei mit Stoma zu operieren. Ich gebe hier keine Empfehlungen f\u00fcr Krankenh\u00e4user und Chirurgen, wer aber mehr Infos in diese Richtung haben m\u00f6chte kann mich gerne \u00fcber das Kontaktformular anschreiben. Kontakt In diesem YouTube Video sind viele Informationen sehr gut dargestellt. Allerdings nur in Englisch.<\/p>\n","protected":false},"author":1,"featured_media":0,"parent":0,"menu_order":0,"comment_status":"closed","ping_status":"closed","template":"","meta":{"footnotes":""},"class_list":["post-567","page","type-page","status-publish","hentry"],"yoast_head":"<!-- This site is optimized with the Yoast SEO plugin v24.9 - https:\/\/yoast.com\/wordpress\/plugins\/seo\/ -->\n<title>Morbus Hirschsprung &#8211; Wir im MausHaus<\/title>\n<meta name=\"robots\" content=\"index, follow, max-snippet:-1, max-image-preview:large, max-video-preview:-1\" \/>\n<link rel=\"canonical\" href=\"https:\/\/wir-im-maushaus.de\/blog\/morbus-hirschsprung\/\" \/>\n<meta property=\"og:locale\" content=\"de_DE\" \/>\n<meta property=\"og:type\" content=\"article\" \/>\n<meta property=\"og:title\" content=\"Morbus Hirschsprung &#8211; Wir im MausHaus\" \/>\n<meta property=\"og:description\" content=\"Ich schreibe hier als Laie f\u00fcr Laien. Die folgenden Informationen habe ich von unseren behandelnden \u00c4rzten und aus diversen Internetquellen zusammengesammelt. Was ist Morbus Hirschsprung (MH)? Morbus Hirschsprung z\u00e4hlt zu den seltenen Erkrankungen und tritt bei 1 von 5000 Kindern auf. In Deutschland werden jedes Jahr etwa 100 Kinder mit MH geboren und tritt bei Jungen 4 mal h\u00e4ufiger auf als bei M\u00e4dchen. In einem Teil des Dickdarms (in seltenen F\u00e4llen auch im D\u00fcnndarm) fehlen die sogenannten Ganglienzellen. Diese Ganglienzellen sind f\u00fcr Kontraktionen im Darm verantwortlich (Peristalsis). Damit der Stuhl im Darm weiter transportiert wird spannt er sich an und entspannt sich wieder in einer Art Wellenbewegung. Bei Kindern mit Morbus Hirschsprung (im folgenden Hirschies genannt) ist diese Stelle permanent angespannt und somit verengt. Der Kot staut sich vor dieser Engstelle an und es entsteht das sogenannte Megacolon (Colon = Dickdarm). Das Hei\u00dft, dass der Dickdarm sich vor dieser Stelle stark weitet.Bei Mini Maus ist der Dickdarm durch die sp\u00e4te Diagnose schon um das 4-5fache geweitet. Wie entsteht Morbus Hirschsprung? MH entsteht bereits beim Wachstum des F\u00f6tus im Bauch der Mutter. Beim Wachstum des F\u00f6tus wandern die Ganglienzellen vom Magen aus den gesamten Darm hinunter bis zum Schlie\u00dfmuskel. Aus noch ungekl\u00e4rten Gr\u00fcnden stoppt diese &#8222;Wanderung&#8220; bei den Hirschies bevor die Zellen den Schlie\u00dfmuskel erreichen. Symptome bei Morbus Hirschsprung Folgende Symptome k\u00f6nnen auf Morbus Hirschsprung hinweisen;wobei nicht immer alle Symptome auftreten m\u00fcssen. kein, oder sehr sp\u00e4ter Mekonium Abgang deutlicher (!) Bl\u00e4hbauch (zum Teil mit erkennbaren Darmschlingen) h\u00e4ufiges Erbrechen (von Galle); in seltenen, unbehandelten F\u00e4llen wird sogar Stuhl erbrochen langfristige, chronische Verstopfung h\u00e4ufiges unerkl\u00e4rliches Fieber (durch &#8222;Vergiftung&#8220; mit angestautem Kot) zierliche Statur; Gedeihst\u00f6rungen kein &#8222;normaler&#8220; Stuhlgang. Entweder d\u00fcnn, oder Verstopfung Symptome treten oft erst bei der Umstellung zur Beikost auf. Bei recht kurzen betroffenen Darmabschnitten k\u00f6nnen die Symptome auch noch sp\u00e4ter auffalen oder mit MH in Verbindung gebracht werden. Diagnostik F\u00fcr die Diagnose sind einige Schritte n\u00f6tig. Zun\u00e4chst kann man oft schon im Ultraschall eine Weitung des Dickdarms feststellen. Der erste richtige diagnostische Schritt ist aber ein Kontrastmittel R\u00f6ntgen.Mittels eines Einlaufs mit Kontrastmittel werden die Darmschlingen und evtl das Megacolon sichtbar.Wenn sich der Verdacht durch das R\u00f6ntgen verst\u00e4rkt ist eine Biopsie der n\u00e4chste Schritt.Bei einer Rektoskopie unter Vollnarkose werden in verschiedenen Tiefen Proben von der Darmschleimhaut entnommen. Diese werden dann auf Ganglienzellen untersucht. Wenn in einer gewissen Tiefe keine Ganglienzellen nachweisbar sind, ist es ein sicheres Zeichen f\u00fcr MH. Behandlungsm\u00f6glichkeiten In nahezu allen F\u00e4llen ist eine Operation notwendig. Hierbei wird der Betroffene Teil des Darms entfernt. Die heute g\u00e4ngige Operationsmethode ist die Operation nach De La Torre, wobei durch den After operiert wird und somit ein gro\u00dfer Bauchschnitt in den meisten F\u00e4llen nicht mehr n\u00f6tig ist. Vor der Operation gibt es verschiedene Ans\u00e4tze. Die meisten Chirurgen legen vor der De La Torre OP ein Stoma an, einen k\u00fcnstlichen Darmausgang, um das Megacolon zur\u00fcck zu bilden. Ein anderer Ansatz ist ganz ohne Stoma zu arbeiten. Durch t\u00e4gliche Darmsp\u00fclungen und Schonkost soll der Darm entlastet werden und das Megacolon m\u00f6glichst weit zur\u00fcck gebildet werden. Bei der Operation gibt es auch zwei Vorgehensweisen. Nach meinem Informationen ist der aktuelle Stand der Wissenschaft der, dass nach der De La Torre OP kein Stoma angelegt wird. Die Nahtstelle soll bewusst mit Stuhl in Kontakt kommen. Die Darmbakterien helfen der Darmschleimhaut beim heilen und bei der Durchblutung der Narbe. Einige Chirurgen sind aber noch der Ansicht, dass es trotzdem besser sei mit Stoma zu operieren. Ich gebe hier keine Empfehlungen f\u00fcr Krankenh\u00e4user und Chirurgen, wer aber mehr Infos in diese Richtung haben m\u00f6chte kann mich gerne \u00fcber das Kontaktformular anschreiben. Kontakt In diesem YouTube Video sind viele Informationen sehr gut dargestellt. Allerdings nur in Englisch.\" \/>\n<meta property=\"og:url\" content=\"https:\/\/wir-im-maushaus.de\/blog\/morbus-hirschsprung\/\" \/>\n<meta property=\"og:site_name\" content=\"Wir im MausHaus\" \/>\n<meta property=\"article:publisher\" content=\"https:\/\/www.facebook.com\/Wir-im-MausHaus-110290120767007\" \/>\n<meta property=\"article:modified_time\" content=\"2020-07-21T20:05:25+00:00\" \/>\n<meta name=\"twitter:card\" content=\"summary_large_image\" \/>\n<meta name=\"twitter:label1\" content=\"Gesch\u00e4tzte Lesezeit\" \/>\n\t<meta name=\"twitter:data1\" content=\"3\u00a0Minuten\" \/>\n<script type=\"application\/ld+json\" class=\"yoast-schema-graph\">{\"@context\":\"https:\/\/schema.org\",\"@graph\":[{\"@type\":\"WebPage\",\"@id\":\"https:\/\/wir-im-maushaus.de\/blog\/morbus-hirschsprung\/\",\"url\":\"https:\/\/wir-im-maushaus.de\/blog\/morbus-hirschsprung\/\",\"name\":\"Morbus Hirschsprung &#8211; Wir im MausHaus\",\"isPartOf\":{\"@id\":\"https:\/\/wir-im-maushaus.de\/blog\/#website\"},\"datePublished\":\"2020-07-12T12:51:06+00:00\",\"dateModified\":\"2020-07-21T20:05:25+00:00\",\"breadcrumb\":{\"@id\":\"https:\/\/wir-im-maushaus.de\/blog\/morbus-hirschsprung\/#breadcrumb\"},\"inLanguage\":\"de\",\"potentialAction\":[{\"@type\":\"ReadAction\",\"target\":[\"https:\/\/wir-im-maushaus.de\/blog\/morbus-hirschsprung\/\"]}]},{\"@type\":\"BreadcrumbList\",\"@id\":\"https:\/\/wir-im-maushaus.de\/blog\/morbus-hirschsprung\/#breadcrumb\",\"itemListElement\":[{\"@type\":\"ListItem\",\"position\":1,\"name\":\"Startseite\",\"item\":\"https:\/\/wir-im-maushaus.de\/blog\/\"},{\"@type\":\"ListItem\",\"position\":2,\"name\":\"Morbus Hirschsprung\"}]},{\"@type\":\"WebSite\",\"@id\":\"https:\/\/wir-im-maushaus.de\/blog\/#website\",\"url\":\"https:\/\/wir-im-maushaus.de\/blog\/\",\"name\":\"Wir im MausHaus\",\"description\":\"Familienblog\",\"potentialAction\":[{\"@type\":\"SearchAction\",\"target\":{\"@type\":\"EntryPoint\",\"urlTemplate\":\"https:\/\/wir-im-maushaus.de\/blog\/?s={search_term_string}\"},\"query-input\":{\"@type\":\"PropertyValueSpecification\",\"valueRequired\":true,\"valueName\":\"search_term_string\"}}],\"inLanguage\":\"de\"}]}<\/script>\n<!-- \/ Yoast SEO plugin. -->","yoast_head_json":{"title":"Morbus Hirschsprung &#8211; Wir im MausHaus","robots":{"index":"index","follow":"follow","max-snippet":"max-snippet:-1","max-image-preview":"max-image-preview:large","max-video-preview":"max-video-preview:-1"},"canonical":"https:\/\/wir-im-maushaus.de\/blog\/morbus-hirschsprung\/","og_locale":"de_DE","og_type":"article","og_title":"Morbus Hirschsprung &#8211; Wir im MausHaus","og_description":"Ich schreibe hier als Laie f\u00fcr Laien. Die folgenden Informationen habe ich von unseren behandelnden \u00c4rzten und aus diversen Internetquellen zusammengesammelt. Was ist Morbus Hirschsprung (MH)? Morbus Hirschsprung z\u00e4hlt zu den seltenen Erkrankungen und tritt bei 1 von 5000 Kindern auf. In Deutschland werden jedes Jahr etwa 100 Kinder mit MH geboren und tritt bei Jungen 4 mal h\u00e4ufiger auf als bei M\u00e4dchen. In einem Teil des Dickdarms (in seltenen F\u00e4llen auch im D\u00fcnndarm) fehlen die sogenannten Ganglienzellen. Diese Ganglienzellen sind f\u00fcr Kontraktionen im Darm verantwortlich (Peristalsis). Damit der Stuhl im Darm weiter transportiert wird spannt er sich an und entspannt sich wieder in einer Art Wellenbewegung. Bei Kindern mit Morbus Hirschsprung (im folgenden Hirschies genannt) ist diese Stelle permanent angespannt und somit verengt. Der Kot staut sich vor dieser Engstelle an und es entsteht das sogenannte Megacolon (Colon = Dickdarm). Das Hei\u00dft, dass der Dickdarm sich vor dieser Stelle stark weitet.Bei Mini Maus ist der Dickdarm durch die sp\u00e4te Diagnose schon um das 4-5fache geweitet. Wie entsteht Morbus Hirschsprung? MH entsteht bereits beim Wachstum des F\u00f6tus im Bauch der Mutter. Beim Wachstum des F\u00f6tus wandern die Ganglienzellen vom Magen aus den gesamten Darm hinunter bis zum Schlie\u00dfmuskel. Aus noch ungekl\u00e4rten Gr\u00fcnden stoppt diese &#8222;Wanderung&#8220; bei den Hirschies bevor die Zellen den Schlie\u00dfmuskel erreichen. Symptome bei Morbus Hirschsprung Folgende Symptome k\u00f6nnen auf Morbus Hirschsprung hinweisen;wobei nicht immer alle Symptome auftreten m\u00fcssen. kein, oder sehr sp\u00e4ter Mekonium Abgang deutlicher (!) Bl\u00e4hbauch (zum Teil mit erkennbaren Darmschlingen) h\u00e4ufiges Erbrechen (von Galle); in seltenen, unbehandelten F\u00e4llen wird sogar Stuhl erbrochen langfristige, chronische Verstopfung h\u00e4ufiges unerkl\u00e4rliches Fieber (durch &#8222;Vergiftung&#8220; mit angestautem Kot) zierliche Statur; Gedeihst\u00f6rungen kein &#8222;normaler&#8220; Stuhlgang. Entweder d\u00fcnn, oder Verstopfung Symptome treten oft erst bei der Umstellung zur Beikost auf. Bei recht kurzen betroffenen Darmabschnitten k\u00f6nnen die Symptome auch noch sp\u00e4ter auffalen oder mit MH in Verbindung gebracht werden. Diagnostik F\u00fcr die Diagnose sind einige Schritte n\u00f6tig. Zun\u00e4chst kann man oft schon im Ultraschall eine Weitung des Dickdarms feststellen. Der erste richtige diagnostische Schritt ist aber ein Kontrastmittel R\u00f6ntgen.Mittels eines Einlaufs mit Kontrastmittel werden die Darmschlingen und evtl das Megacolon sichtbar.Wenn sich der Verdacht durch das R\u00f6ntgen verst\u00e4rkt ist eine Biopsie der n\u00e4chste Schritt.Bei einer Rektoskopie unter Vollnarkose werden in verschiedenen Tiefen Proben von der Darmschleimhaut entnommen. Diese werden dann auf Ganglienzellen untersucht. Wenn in einer gewissen Tiefe keine Ganglienzellen nachweisbar sind, ist es ein sicheres Zeichen f\u00fcr MH. Behandlungsm\u00f6glichkeiten In nahezu allen F\u00e4llen ist eine Operation notwendig. Hierbei wird der Betroffene Teil des Darms entfernt. Die heute g\u00e4ngige Operationsmethode ist die Operation nach De La Torre, wobei durch den After operiert wird und somit ein gro\u00dfer Bauchschnitt in den meisten F\u00e4llen nicht mehr n\u00f6tig ist. Vor der Operation gibt es verschiedene Ans\u00e4tze. Die meisten Chirurgen legen vor der De La Torre OP ein Stoma an, einen k\u00fcnstlichen Darmausgang, um das Megacolon zur\u00fcck zu bilden. Ein anderer Ansatz ist ganz ohne Stoma zu arbeiten. Durch t\u00e4gliche Darmsp\u00fclungen und Schonkost soll der Darm entlastet werden und das Megacolon m\u00f6glichst weit zur\u00fcck gebildet werden. Bei der Operation gibt es auch zwei Vorgehensweisen. Nach meinem Informationen ist der aktuelle Stand der Wissenschaft der, dass nach der De La Torre OP kein Stoma angelegt wird. Die Nahtstelle soll bewusst mit Stuhl in Kontakt kommen. Die Darmbakterien helfen der Darmschleimhaut beim heilen und bei der Durchblutung der Narbe. Einige Chirurgen sind aber noch der Ansicht, dass es trotzdem besser sei mit Stoma zu operieren. Ich gebe hier keine Empfehlungen f\u00fcr Krankenh\u00e4user und Chirurgen, wer aber mehr Infos in diese Richtung haben m\u00f6chte kann mich gerne \u00fcber das Kontaktformular anschreiben. Kontakt In diesem YouTube Video sind viele Informationen sehr gut dargestellt. Allerdings nur in Englisch.","og_url":"https:\/\/wir-im-maushaus.de\/blog\/morbus-hirschsprung\/","og_site_name":"Wir im MausHaus","article_publisher":"https:\/\/www.facebook.com\/Wir-im-MausHaus-110290120767007","article_modified_time":"2020-07-21T20:05:25+00:00","twitter_card":"summary_large_image","twitter_misc":{"Gesch\u00e4tzte Lesezeit":"3\u00a0Minuten"},"schema":{"@context":"https:\/\/schema.org","@graph":[{"@type":"WebPage","@id":"https:\/\/wir-im-maushaus.de\/blog\/morbus-hirschsprung\/","url":"https:\/\/wir-im-maushaus.de\/blog\/morbus-hirschsprung\/","name":"Morbus Hirschsprung &#8211; Wir im MausHaus","isPartOf":{"@id":"https:\/\/wir-im-maushaus.de\/blog\/#website"},"datePublished":"2020-07-12T12:51:06+00:00","dateModified":"2020-07-21T20:05:25+00:00","breadcrumb":{"@id":"https:\/\/wir-im-maushaus.de\/blog\/morbus-hirschsprung\/#breadcrumb"},"inLanguage":"de","potentialAction":[{"@type":"ReadAction","target":["https:\/\/wir-im-maushaus.de\/blog\/morbus-hirschsprung\/"]}]},{"@type":"BreadcrumbList","@id":"https:\/\/wir-im-maushaus.de\/blog\/morbus-hirschsprung\/#breadcrumb","itemListElement":[{"@type":"ListItem","position":1,"name":"Startseite","item":"https:\/\/wir-im-maushaus.de\/blog\/"},{"@type":"ListItem","position":2,"name":"Morbus Hirschsprung"}]},{"@type":"WebSite","@id":"https:\/\/wir-im-maushaus.de\/blog\/#website","url":"https:\/\/wir-im-maushaus.de\/blog\/","name":"Wir im MausHaus","description":"Familienblog","potentialAction":[{"@type":"SearchAction","target":{"@type":"EntryPoint","urlTemplate":"https:\/\/wir-im-maushaus.de\/blog\/?s={search_term_string}"},"query-input":{"@type":"PropertyValueSpecification","valueRequired":true,"valueName":"search_term_string"}}],"inLanguage":"de"}]}},"_links":{"self":[{"href":"https:\/\/wir-im-maushaus.de\/blog\/wp-json\/wp\/v2\/pages\/567","targetHints":{"allow":["GET"]}}],"collection":[{"href":"https:\/\/wir-im-maushaus.de\/blog\/wp-json\/wp\/v2\/pages"}],"about":[{"href":"https:\/\/wir-im-maushaus.de\/blog\/wp-json\/wp\/v2\/types\/page"}],"author":[{"embeddable":true,"href":"https:\/\/wir-im-maushaus.de\/blog\/wp-json\/wp\/v2\/users\/1"}],"replies":[{"embeddable":true,"href":"https:\/\/wir-im-maushaus.de\/blog\/wp-json\/wp\/v2\/comments?post=567"}],"version-history":[{"count":16,"href":"https:\/\/wir-im-maushaus.de\/blog\/wp-json\/wp\/v2\/pages\/567\/revisions"}],"predecessor-version":[{"id":747,"href":"https:\/\/wir-im-maushaus.de\/blog\/wp-json\/wp\/v2\/pages\/567\/revisions\/747"}],"wp:attachment":[{"href":"https:\/\/wir-im-maushaus.de\/blog\/wp-json\/wp\/v2\/media?parent=567"}],"curies":[{"name":"wp","href":"https:\/\/api.w.org\/{rel}","templated":true}]}}