{"id":486,"date":"2020-07-11T07:09:41","date_gmt":"2020-07-11T07:09:41","guid":{"rendered":"http:\/\/wir-im-maushaus.de\/?page_id=486"},"modified":"2020-07-16T10:24:32","modified_gmt":"2020-07-16T08:24:32","slug":"wir-maeuse","status":"publish","type":"page","link":"https:\/\/wir-im-maushaus.de\/blog\/wir-maeuse\/","title":{"rendered":"Wir M\u00e4use"},"content":{"rendered":"\n<h4 class=\"wp-block-heading\">Wer sind Wir im Maushaus? <\/h4>\n\n\n\n<p>Wir (das sind Papa Maus, Mama Maus, die gro\u00dfe Maus und die kleine Maus), sind eine ziemlich normale Familie aus Nordrhein Westfalen.<\/p>\n\n\n\n<h4 class=\"wp-block-heading\">Diesen blog schreibt Mama Maus:<\/h4>\n\n\n\n<p class=\"has-text-align-left\">Ich bin zum Blogschreiben gekommen, weil ich zun\u00e4chst ein mal \u00fcber die Erkrankung der kleinen Maus aufkl\u00e4ren m\u00f6chte. Aber auch  um alle die sich interessieren auf dem laufenden zu halten. Eine Mischung mit Geschichten und Themen zu uns anderen drei M\u00e4usen wird es sicher auch immer mal geben. <\/p>\n\n\n\n<p>Ich bin hauptberuflich Mama und habe noch einen Minijob, der mich 2 mal die Woche kurz aus dem Mama Alltag entfliehen l\u00e4sst.<\/p>\n\n\n\n<p>Sch\u00f6n, dass Du hier bist. Ich freue mich wenn du aus diesem Blog etwas f\u00fcr dich mitnehmen kannst.<\/p>\n\n\n\n<p> <img loading=\"lazy\" decoding=\"async\" width=\"300\" height=\"225\" class=\"wp-image-553\" style=\"width: 300px;\" src=\"http:\/\/wir-im-maushaus.de\/wp-content\/uploads\/2020\/07\/20200408_154257-1-scaled.jpg\" alt=\"Mama Maus Portrait\" srcset=\"https:\/\/wir-im-maushaus.de\/wp-content\/uploads\/2020\/07\/20200408_154257-1-scaled.jpg 2560w, https:\/\/wir-im-maushaus.de\/wp-content\/uploads\/2020\/07\/20200408_154257-1-300x225.jpg 300w, https:\/\/wir-im-maushaus.de\/wp-content\/uploads\/2020\/07\/20200408_154257-1-1024x768.jpg 1024w, https:\/\/wir-im-maushaus.de\/wp-content\/uploads\/2020\/07\/20200408_154257-1-768x576.jpg 768w, https:\/\/wir-im-maushaus.de\/wp-content\/uploads\/2020\/07\/20200408_154257-1-1536x1152.jpg 1536w, https:\/\/wir-im-maushaus.de\/wp-content\/uploads\/2020\/07\/20200408_154257-1-2048x1536.jpg 2048w, https:\/\/wir-im-maushaus.de\/wp-content\/uploads\/2020\/07\/20200408_154257-1-800x600.jpg 800w, https:\/\/wir-im-maushaus.de\/wp-content\/uploads\/2020\/07\/20200408_154257-1-1200x900.jpg 1200w, https:\/\/wir-im-maushaus.de\/wp-content\/uploads\/2020\/07\/20200408_154257-1-600x450.jpg 600w\" sizes=\"auto, (max-width: 300px) 100vw, 300px\" \/><\/p>\n\n\n\n<p><\/p>\n","protected":false},"excerpt":{"rendered":"<p>Wer sind Wir im Maushaus? Wir (das sind Papa Maus, Mama Maus, die gro\u00dfe Maus und die kleine Maus), sind eine ziemlich normale Familie aus Nordrhein Westfalen. Diesen blog schreibt Mama Maus: Ich bin zum Blogschreiben gekommen, weil ich zun\u00e4chst ein mal \u00fcber die Erkrankung der kleinen Maus aufkl\u00e4ren m\u00f6chte. Aber auch um alle die sich interessieren auf dem laufenden zu halten. Eine Mischung mit Geschichten und Themen zu uns anderen drei M\u00e4usen wird es sicher auch immer mal geben. Ich bin hauptberuflich Mama und habe noch einen Minijob, der mich 2 mal die Woche kurz aus dem Mama Alltag entfliehen l\u00e4sst. Sch\u00f6n, dass Du hier bist. Ich freue mich wenn du aus diesem Blog etwas f\u00fcr dich mitnehmen kannst.<\/p>\n","protected":false},"author":1,"featured_media":0,"parent":0,"menu_order":0,"comment_status":"closed","ping_status":"closed","template":"","meta":{"footnotes":""},"class_list":["post-486","page","type-page","status-publish","hentry"],"yoast_head":"<!-- This site is optimized with the Yoast SEO plugin v24.9 - https:\/\/yoast.com\/wordpress\/plugins\/seo\/ -->\n<title>Wir M\u00e4use &#8211; Wir im MausHaus % %<\/title>\n<meta name=\"description\" content=\"\u00dcber die M\u00e4use im Maushaus\" \/>\n<meta name=\"robots\" content=\"index, follow, max-snippet:-1, max-image-preview:large, max-video-preview:-1\" \/>\n<link rel=\"canonical\" href=\"https:\/\/wir-im-maushaus.de\/blog\/wir-maeuse\/\" \/>\n<meta property=\"og:locale\" content=\"de_DE\" \/>\n<meta property=\"og:type\" content=\"article\" \/>\n<meta property=\"og:title\" content=\"Wir M\u00e4use &#8211; Wir im MausHaus % %\" \/>\n<meta property=\"og:description\" content=\"\u00dcber die M\u00e4use im Maushaus\" \/>\n<meta property=\"og:url\" content=\"https:\/\/wir-im-maushaus.de\/blog\/wir-maeuse\/\" \/>\n<meta property=\"og:site_name\" content=\"Wir im MausHaus\" \/>\n<meta property=\"article:publisher\" content=\"https:\/\/www.facebook.com\/Wir-im-MausHaus-110290120767007\" \/>\n<meta property=\"article:modified_time\" content=\"2020-07-16T08:24:32+00:00\" \/>\n<meta property=\"og:image\" content=\"http:\/\/wir-im-maushaus.de\/wp-content\/uploads\/2020\/07\/20200408_154257-1-scaled.jpg\" \/>\n<meta name=\"twitter:card\" content=\"summary_large_image\" \/>\n<meta name=\"twitter:label1\" content=\"Gesch\u00e4tzte Lesezeit\" \/>\n\t<meta name=\"twitter:data1\" content=\"1\u00a0Minute\" \/>\n<script type=\"application\/ld+json\" class=\"yoast-schema-graph\">{\"@context\":\"https:\/\/schema.org\",\"@graph\":[{\"@type\":\"WebPage\",\"@id\":\"https:\/\/wir-im-maushaus.de\/blog\/wir-maeuse\/\",\"url\":\"https:\/\/wir-im-maushaus.de\/blog\/wir-maeuse\/\",\"name\":\"Wir M\u00e4use &#8211; Wir im MausHaus % %\",\"isPartOf\":{\"@id\":\"https:\/\/wir-im-maushaus.de\/blog\/#website\"},\"primaryImageOfPage\":{\"@id\":\"https:\/\/wir-im-maushaus.de\/blog\/wir-maeuse\/#primaryimage\"},\"image\":{\"@id\":\"https:\/\/wir-im-maushaus.de\/blog\/wir-maeuse\/#primaryimage\"},\"thumbnailUrl\":\"http:\/\/wir-im-maushaus.de\/wp-content\/uploads\/2020\/07\/20200408_154257-1-scaled.jpg\",\"datePublished\":\"2020-07-11T07:09:41+00:00\",\"dateModified\":\"2020-07-16T08:24:32+00:00\",\"description\":\"\u00dcber die M\u00e4use im Maushaus\",\"breadcrumb\":{\"@id\":\"https:\/\/wir-im-maushaus.de\/blog\/wir-maeuse\/#breadcrumb\"},\"inLanguage\":\"de\",\"potentialAction\":[{\"@type\":\"ReadAction\",\"target\":[\"https:\/\/wir-im-maushaus.de\/blog\/wir-maeuse\/\"]}]},{\"@type\":\"ImageObject\",\"inLanguage\":\"de\",\"@id\":\"https:\/\/wir-im-maushaus.de\/blog\/wir-maeuse\/#primaryimage\",\"url\":\"http:\/\/wir-im-maushaus.de\/wp-content\/uploads\/2020\/07\/20200408_154257-1-scaled.jpg\",\"contentUrl\":\"http:\/\/wir-im-maushaus.de\/wp-content\/uploads\/2020\/07\/20200408_154257-1-scaled.jpg\"},{\"@type\":\"BreadcrumbList\",\"@id\":\"https:\/\/wir-im-maushaus.de\/blog\/wir-maeuse\/#breadcrumb\",\"itemListElement\":[{\"@type\":\"ListItem\",\"position\":1,\"name\":\"Startseite\",\"item\":\"https:\/\/wir-im-maushaus.de\/blog\/\"},{\"@type\":\"ListItem\",\"position\":2,\"name\":\"Wir M\u00e4use\"}]},{\"@type\":\"WebSite\",\"@id\":\"https:\/\/wir-im-maushaus.de\/blog\/#website\",\"url\":\"https:\/\/wir-im-maushaus.de\/blog\/\",\"name\":\"Wir im MausHaus\",\"description\":\"Familienblog\",\"potentialAction\":[{\"@type\":\"SearchAction\",\"target\":{\"@type\":\"EntryPoint\",\"urlTemplate\":\"https:\/\/wir-im-maushaus.de\/blog\/?s={search_term_string}\"},\"query-input\":{\"@type\":\"PropertyValueSpecification\",\"valueRequired\":true,\"valueName\":\"search_term_string\"}}],\"inLanguage\":\"de\"}]}<\/script>\n<!-- \/ Yoast SEO plugin. -->","yoast_head_json":{"title":"Wir M\u00e4use &#8211; Wir im MausHaus % %","description":"\u00dcber die M\u00e4use im Maushaus","robots":{"index":"index","follow":"follow","max-snippet":"max-snippet:-1","max-image-preview":"max-image-preview:large","max-video-preview":"max-video-preview:-1"},"canonical":"https:\/\/wir-im-maushaus.de\/blog\/wir-maeuse\/","og_locale":"de_DE","og_type":"article","og_title":"Wir M\u00e4use &#8211; Wir im MausHaus % %","og_description":"\u00dcber die M\u00e4use im Maushaus","og_url":"https:\/\/wir-im-maushaus.de\/blog\/wir-maeuse\/","og_site_name":"Wir im MausHaus","article_publisher":"https:\/\/www.facebook.com\/Wir-im-MausHaus-110290120767007","article_modified_time":"2020-07-16T08:24:32+00:00","og_image":[{"url":"http:\/\/wir-im-maushaus.de\/wp-content\/uploads\/2020\/07\/20200408_154257-1-scaled.jpg","type":"","width":"","height":""}],"twitter_card":"summary_large_image","twitter_misc":{"Gesch\u00e4tzte Lesezeit":"1\u00a0Minute"},"schema":{"@context":"https:\/\/schema.org","@graph":[{"@type":"WebPage","@id":"https:\/\/wir-im-maushaus.de\/blog\/wir-maeuse\/","url":"https:\/\/wir-im-maushaus.de\/blog\/wir-maeuse\/","name":"Wir M\u00e4use &#8211; Wir im MausHaus % %","isPartOf":{"@id":"https:\/\/wir-im-maushaus.de\/blog\/#website"},"primaryImageOfPage":{"@id":"https:\/\/wir-im-maushaus.de\/blog\/wir-maeuse\/#primaryimage"},"image":{"@id":"https:\/\/wir-im-maushaus.de\/blog\/wir-maeuse\/#primaryimage"},"thumbnailUrl":"http:\/\/wir-im-maushaus.de\/wp-content\/uploads\/2020\/07\/20200408_154257-1-scaled.jpg","datePublished":"2020-07-11T07:09:41+00:00","dateModified":"2020-07-16T08:24:32+00:00","description":"\u00dcber die M\u00e4use im Maushaus","breadcrumb":{"@id":"https:\/\/wir-im-maushaus.de\/blog\/wir-maeuse\/#breadcrumb"},"inLanguage":"de","potentialAction":[{"@type":"ReadAction","target":["https:\/\/wir-im-maushaus.de\/blog\/wir-maeuse\/"]}]},{"@type":"ImageObject","inLanguage":"de","@id":"https:\/\/wir-im-maushaus.de\/blog\/wir-maeuse\/#primaryimage","url":"http:\/\/wir-im-maushaus.de\/wp-content\/uploads\/2020\/07\/20200408_154257-1-scaled.jpg","contentUrl":"http:\/\/wir-im-maushaus.de\/wp-content\/uploads\/2020\/07\/20200408_154257-1-scaled.jpg"},{"@type":"BreadcrumbList","@id":"https:\/\/wir-im-maushaus.de\/blog\/wir-maeuse\/#breadcrumb","itemListElement":[{"@type":"ListItem","position":1,"name":"Startseite","item":"https:\/\/wir-im-maushaus.de\/blog\/"},{"@type":"ListItem","position":2,"name":"Wir M\u00e4use"}]},{"@type":"WebSite","@id":"https:\/\/wir-im-maushaus.de\/blog\/#website","url":"https:\/\/wir-im-maushaus.de\/blog\/","name":"Wir im MausHaus","description":"Familienblog","potentialAction":[{"@type":"SearchAction","target":{"@type":"EntryPoint","urlTemplate":"https:\/\/wir-im-maushaus.de\/blog\/?s={search_term_string}"},"query-input":{"@type":"PropertyValueSpecification","valueRequired":true,"valueName":"search_term_string"}}],"inLanguage":"de"}]}},"_links":{"self":[{"href":"https:\/\/wir-im-maushaus.de\/blog\/wp-json\/wp\/v2\/pages\/486","targetHints":{"allow":["GET"]}}],"collection":[{"href":"https:\/\/wir-im-maushaus.de\/blog\/wp-json\/wp\/v2\/pages"}],"about":[{"href":"https:\/\/wir-im-maushaus.de\/blog\/wp-json\/wp\/v2\/types\/page"}],"author":[{"embeddable":true,"href":"https:\/\/wir-im-maushaus.de\/blog\/wp-json\/wp\/v2\/users\/1"}],"replies":[{"embeddable":true,"href":"https:\/\/wir-im-maushaus.de\/blog\/wp-json\/wp\/v2\/comments?post=486"}],"version-history":[{"count":8,"href":"https:\/\/wir-im-maushaus.de\/blog\/wp-json\/wp\/v2\/pages\/486\/revisions"}],"predecessor-version":[{"id":618,"href":"https:\/\/wir-im-maushaus.de\/blog\/wp-json\/wp\/v2\/pages\/486\/revisions\/618"}],"wp:attachment":[{"href":"https:\/\/wir-im-maushaus.de\/blog\/wp-json\/wp\/v2\/media?parent=486"}],"curies":[{"name":"wp","href":"https:\/\/api.w.org\/{rel}","templated":true}]}}